{"id":5696,"date":"2025-05-20T11:07:16","date_gmt":"2025-05-20T11:07:16","guid":{"rendered":"https:\/\/optimumdermatology.com\/syndromo-sezary\/"},"modified":"2025-10-16T14:12:21","modified_gmt":"2025-10-16T14:12:21","slug":"syndromo-sezary","status":"publish","type":"page","link":"https:\/\/optimumdermatology.com\/en\/syndromo-sezary\/","title":{"rendered":"S\u00e9zary Syndrome"},"content":{"rendered":"\t\t<div data-elementor-type=\"wp-page\" data-elementor-id=\"5696\" class=\"elementor elementor-5696 elementor-3358\" data-elementor-post-type=\"page\">\n\t\t\t\t\t\t<section class=\"elementor-section elementor-top-section elementor-element elementor-element-6261b6a elementor-section-boxed elementor-section-height-default elementor-section-height-default\" data-id=\"6261b6a\" data-element_type=\"section\" data-settings=\"{&quot;wdt_bg_image&quot;:{&quot;url&quot;:&quot;&quot;,&quot;id&quot;:&quot;&quot;,&quot;size&quot;:&quot;&quot;},&quot;wdt_bg_image_widescreen&quot;:{&quot;url&quot;:&quot;&quot;,&quot;id&quot;:&quot;&quot;,&quot;size&quot;:&quot;&quot;},&quot;wdt_bg_image_laptop&quot;:{&quot;url&quot;:&quot;&quot;,&quot;id&quot;:&quot;&quot;,&quot;size&quot;:&quot;&quot;},&quot;wdt_bg_image_tablet_extra&quot;:{&quot;url&quot;:&quot;&quot;,&quot;id&quot;:&quot;&quot;,&quot;size&quot;:&quot;&quot;},&quot;wdt_bg_image_tablet&quot;:{&quot;url&quot;:&quot;&quot;,&quot;id&quot;:&quot;&quot;,&quot;size&quot;:&quot;&quot;},&quot;wdt_bg_image_mobile_extra&quot;:{&quot;url&quot;:&quot;&quot;,&quot;id&quot;:&quot;&quot;,&quot;size&quot;:&quot;&quot;},&quot;wdt_bg_image_mobile&quot;:{&quot;url&quot;:&quot;&quot;,&quot;id&quot;:&quot;&quot;,&quot;size&quot;:&quot;&quot;},&quot;wdt_bg_position&quot;:&quot;center center&quot;,&quot;wdt_animation_effect&quot;:&quot;none&quot;}\">\n\t\t\t\t\t\t<div class=\"elementor-container elementor-column-gap-default\">\n\t\t\t\t\t<div class=\"elementor-column elementor-col-100 elementor-top-column elementor-element elementor-element-1b71c67\" data-id=\"1b71c67\" data-element_type=\"column\">\n\t\t\t<div class=\"elementor-widget-wrap elementor-element-populated\">\n\t\t\t\t\t\t<div class=\"elementor-element elementor-element-b029650 elementor-widget-divider--view-line_text elementor-widget-divider--element-align-center elementor-widget elementor-widget-divider\" data-id=\"b029650\" data-element_type=\"widget\" data-settings=\"{&quot;wdt_animation_effect&quot;:&quot;none&quot;}\" data-widget_type=\"divider.default\">\n\t\t\t\t<div class=\"elementor-widget-container\">\n\t\t\t\t\t\t\t<div class=\"elementor-divider\">\n\t\t\t<span class=\"elementor-divider-separator\">\n\t\t\t\t\t\t\t<h1 class=\"elementor-divider__text elementor-divider__element\">\n\t\t\t\tS\u00e9zary Syndrome\t\t\t\t<\/h1>\n\t\t\t\t\t\t<\/span>\n\t\t<\/div>\n\t\t\t\t\t\t<\/div>\n\t\t\t\t<\/div>\n\t\t\t\t\t<\/div>\n\t\t<\/div>\n\t\t\t\t\t<\/div>\n\t\t<\/section>\n\t\t\t\t<section class=\"elementor-section elementor-top-section elementor-element elementor-element-6501919 elementor-section-boxed elementor-section-height-default elementor-section-height-default\" data-id=\"6501919\" data-element_type=\"section\" data-settings=\"{&quot;wdt_bg_image&quot;:{&quot;url&quot;:&quot;&quot;,&quot;id&quot;:&quot;&quot;,&quot;size&quot;:&quot;&quot;},&quot;wdt_bg_image_widescreen&quot;:{&quot;url&quot;:&quot;&quot;,&quot;id&quot;:&quot;&quot;,&quot;size&quot;:&quot;&quot;},&quot;wdt_bg_image_laptop&quot;:{&quot;url&quot;:&quot;&quot;,&quot;id&quot;:&quot;&quot;,&quot;size&quot;:&quot;&quot;},&quot;wdt_bg_image_tablet_extra&quot;:{&quot;url&quot;:&quot;&quot;,&quot;id&quot;:&quot;&quot;,&quot;size&quot;:&quot;&quot;},&quot;wdt_bg_image_tablet&quot;:{&quot;url&quot;:&quot;&quot;,&quot;id&quot;:&quot;&quot;,&quot;size&quot;:&quot;&quot;},&quot;wdt_bg_image_mobile_extra&quot;:{&quot;url&quot;:&quot;&quot;,&quot;id&quot;:&quot;&quot;,&quot;size&quot;:&quot;&quot;},&quot;wdt_bg_image_mobile&quot;:{&quot;url&quot;:&quot;&quot;,&quot;id&quot;:&quot;&quot;,&quot;size&quot;:&quot;&quot;},&quot;wdt_bg_position&quot;:&quot;center center&quot;,&quot;wdt_animation_effect&quot;:&quot;none&quot;}\">\n\t\t\t\t\t\t<div class=\"elementor-container elementor-column-gap-default\">\n\t\t\t\t\t<div class=\"elementor-column elementor-col-100 elementor-top-column elementor-element elementor-element-1fdb755\" data-id=\"1fdb755\" data-element_type=\"column\">\n\t\t\t<div class=\"elementor-widget-wrap elementor-element-populated\">\n\t\t\t\t\t\t<div class=\"elementor-element elementor-element-e18448e elementor-widget elementor-widget-heading\" data-id=\"e18448e\" data-element_type=\"widget\" data-settings=\"{&quot;wdt_animation_effect&quot;:&quot;none&quot;}\" data-widget_type=\"heading.default\">\n\t\t\t\t<div class=\"elementor-widget-container\">\n\t\t\t\t\t<h4 class=\"elementor-heading-title elementor-size-default\">definition<\/h4>\t\t\t\t<\/div>\n\t\t\t\t<\/div>\n\t\t\t\t<div class=\"elementor-element elementor-element-0b77b23 elementor-widget-divider--view-line elementor-widget elementor-widget-divider\" data-id=\"0b77b23\" data-element_type=\"widget\" data-settings=\"{&quot;wdt_animation_effect&quot;:&quot;none&quot;}\" data-widget_type=\"divider.default\">\n\t\t\t\t<div class=\"elementor-widget-container\">\n\t\t\t\t\t\t\t<div class=\"elementor-divider\">\n\t\t\t<span class=\"elementor-divider-separator\">\n\t\t\t\t\t\t<\/span>\n\t\t<\/div>\n\t\t\t\t\t\t<\/div>\n\t\t\t\t<\/div>\n\t\t\t\t<div class=\"elementor-element elementor-element-47eccef elementor-widget elementor-widget-text-editor\" data-id=\"47eccef\" data-element_type=\"widget\" data-settings=\"{&quot;wdt_animation_effect&quot;:&quot;none&quot;}\" data-widget_type=\"text-editor.default\">\n\t\t\t\t<div class=\"elementor-widget-container\">\n\t\t\t\t\t\t\t\t\t<p>S\u00e9zary cells are cancerous T-lymphocytes. They are found in the blood, skin, and lymph nodes of patients with S\u00e9zary syndrome, an aggressive form of cutaneous T-cell lymphoma.<\/p><p>This lymphoma, which often spreads to other organs, accounts for approximately 3%\u20135% of all cutaneous T-cell lymphomas. It can affect people of any age but is more common in older adults.<\/p><p>The disease occurs more frequently in men, and Caucasian population is at higher risk compared to African population.<\/p><ul><li>Modern Diagnostics for Accurate Assessment of Disease Spreading<\/li><li>Personalized Treatment<\/li><li>Innovative Therapeutic Approaches to Improve Patients\u2019 Quality of Life<\/li><\/ul>\t\t\t\t\t\t\t\t<\/div>\n\t\t\t\t<\/div>\n\t\t\t\t<div class=\"elementor-element elementor-element-bd86a1c elementor-widget elementor-widget-heading\" data-id=\"bd86a1c\" data-element_type=\"widget\" data-settings=\"{&quot;wdt_animation_effect&quot;:&quot;none&quot;}\" data-widget_type=\"heading.default\">\n\t\t\t\t<div class=\"elementor-widget-container\">\n\t\t\t\t\t<h4 class=\"elementor-heading-title elementor-size-default\">Symptoms<\/h4>\t\t\t\t<\/div>\n\t\t\t\t<\/div>\n\t\t\t\t<div class=\"elementor-element elementor-element-26eff49 elementor-widget-divider--view-line elementor-widget elementor-widget-divider\" data-id=\"26eff49\" data-element_type=\"widget\" data-settings=\"{&quot;wdt_animation_effect&quot;:&quot;none&quot;}\" data-widget_type=\"divider.default\">\n\t\t\t\t<div class=\"elementor-widget-container\">\n\t\t\t\t\t\t\t<div class=\"elementor-divider\">\n\t\t\t<span class=\"elementor-divider-separator\">\n\t\t\t\t\t\t<\/span>\n\t\t<\/div>\n\t\t\t\t\t\t<\/div>\n\t\t\t\t<\/div>\n\t\t\t\t<div class=\"elementor-element elementor-element-be30007 elementor-widget elementor-widget-text-editor\" data-id=\"be30007\" data-element_type=\"widget\" data-settings=\"{&quot;wdt_animation_effect&quot;:&quot;none&quot;}\" data-widget_type=\"text-editor.default\">\n\t\t\t\t<div class=\"elementor-widget-container\">\n\t\t\t\t\t\t\t\t\t<p>S\u00e9zary syndrome is primarily characterized by erythroderma, an extensive skin redness that may cover up to 80% of the skin surface. It is accompanied by severe itching and scaling, although these symptoms may also appear in other conditions, such as psoriasis.<\/p><p>Common symptoms also include swelling, skin tumors, enlarged lymph nodes, abnormalities of the nails and eyelids, hair loss, and difficulty regulating body temperature.<\/p><p>Advanced stages of the syndrome may affect organs such as the liver and lungs, increasing the risk of developing other cancers.<\/p>\t\t\t\t\t\t\t\t<\/div>\n\t\t\t\t<\/div>\n\t\t\t\t<div class=\"elementor-element elementor-element-2d7a82c elementor-widget elementor-widget-heading\" data-id=\"2d7a82c\" data-element_type=\"widget\" data-settings=\"{&quot;wdt_animation_effect&quot;:&quot;none&quot;}\" data-widget_type=\"heading.default\">\n\t\t\t\t<div class=\"elementor-widget-container\">\n\t\t\t\t\t<h4 class=\"elementor-heading-title elementor-size-default\">Stages<\/h4>\t\t\t\t<\/div>\n\t\t\t\t<\/div>\n\t\t\t\t<div class=\"elementor-element elementor-element-6e783d5 elementor-widget-divider--view-line elementor-widget elementor-widget-divider\" data-id=\"6e783d5\" data-element_type=\"widget\" data-settings=\"{&quot;wdt_animation_effect&quot;:&quot;none&quot;}\" data-widget_type=\"divider.default\">\n\t\t\t\t<div class=\"elementor-widget-container\">\n\t\t\t\t\t\t\t<div class=\"elementor-divider\">\n\t\t\t<span class=\"elementor-divider-separator\">\n\t\t\t\t\t\t<\/span>\n\t\t<\/div>\n\t\t\t\t\t\t<\/div>\n\t\t\t\t<\/div>\n\t\t\t\t<div class=\"elementor-element elementor-element-74f684b elementor-widget elementor-widget-text-editor\" data-id=\"74f684b\" data-element_type=\"widget\" data-settings=\"{&quot;wdt_animation_effect&quot;:&quot;none&quot;}\" data-widget_type=\"text-editor.default\">\n\t\t\t\t<div class=\"elementor-widget-container\">\n\t\t\t\t\t\t\t\t\t<p>Staging helps in better understanding the disease\u2019s spread and aids in selecting appropriate treatment options. The stages are as follows:<\/p><ul><li>Stage 1: Mild skin redness.<\/li><li>Stage 2: Red skin with enlarged lymph nodes, but without cancerous cells.<\/li><li>Stage 3: Widespread redness, with possible presence of S\u00e9zary cells in the blood.<\/li><li>Stage 4: Full skin involvement with high S\u00e9zary cell count (Stage 4A), and in Stage 4B the cancer has spread to other organs.<\/li><\/ul>\t\t\t\t\t\t\t\t<\/div>\n\t\t\t\t<\/div>\n\t\t\t\t<div class=\"elementor-element elementor-element-814d715 elementor-widget elementor-widget-heading\" data-id=\"814d715\" data-element_type=\"widget\" data-settings=\"{&quot;wdt_animation_effect&quot;:&quot;none&quot;}\" data-widget_type=\"heading.default\">\n\t\t\t\t<div class=\"elementor-widget-container\">\n\t\t\t\t\t<h4 class=\"elementor-heading-title elementor-size-default\">Etiology<\/h4>\t\t\t\t<\/div>\n\t\t\t\t<\/div>\n\t\t\t\t<div class=\"elementor-element elementor-element-851a777 elementor-widget-divider--view-line elementor-widget elementor-widget-divider\" data-id=\"851a777\" data-element_type=\"widget\" data-settings=\"{&quot;wdt_animation_effect&quot;:&quot;none&quot;}\" data-widget_type=\"divider.default\">\n\t\t\t\t<div class=\"elementor-widget-container\">\n\t\t\t\t\t\t\t<div class=\"elementor-divider\">\n\t\t\t<span class=\"elementor-divider-separator\">\n\t\t\t\t\t\t<\/span>\n\t\t<\/div>\n\t\t\t\t\t\t<\/div>\n\t\t\t\t<\/div>\n\t\t\t\t<div class=\"elementor-element elementor-element-d92d4b3 elementor-widget elementor-widget-text-editor\" data-id=\"d92d4b3\" data-element_type=\"widget\" data-settings=\"{&quot;wdt_animation_effect&quot;:&quot;none&quot;}\" data-widget_type=\"text-editor.default\">\n\t\t\t\t<div class=\"elementor-widget-container\">\n\t\t\t\t\t\t\t\t\t<p>The rare nature of S\u00e9zary syndrome makes it difficult to determine its exact cause. Most cases appear to be related with chromosomal abnormalities, found only in cancerous cells.<\/p><p>Common findings include loss of genetic material on chromosomes 10 and 17, or extra genetic material on chromosomes 8 and 17. However, it is unclear whether these changes are the cause of cancer or simply associated with the disease.<\/p>\t\t\t\t\t\t\t\t<\/div>\n\t\t\t\t<\/div>\n\t\t\t\t<div class=\"elementor-element elementor-element-ee4a2a3 elementor-widget elementor-widget-heading\" data-id=\"ee4a2a3\" data-element_type=\"widget\" data-settings=\"{&quot;wdt_animation_effect&quot;:&quot;none&quot;}\" data-widget_type=\"heading.default\">\n\t\t\t\t<div class=\"elementor-widget-container\">\n\t\t\t\t\t<h4 class=\"elementor-heading-title elementor-size-default\">Diagnosis<\/h4>\t\t\t\t<\/div>\n\t\t\t\t<\/div>\n\t\t\t\t<div class=\"elementor-element elementor-element-d72e2f8 elementor-widget-divider--view-line elementor-widget elementor-widget-divider\" data-id=\"d72e2f8\" data-element_type=\"widget\" data-settings=\"{&quot;wdt_animation_effect&quot;:&quot;none&quot;}\" data-widget_type=\"divider.default\">\n\t\t\t\t<div class=\"elementor-widget-container\">\n\t\t\t\t\t\t\t<div class=\"elementor-divider\">\n\t\t\t<span class=\"elementor-divider-separator\">\n\t\t\t\t\t\t<\/span>\n\t\t<\/div>\n\t\t\t\t\t\t<\/div>\n\t\t\t\t<\/div>\n\t\t\t\t<div class=\"elementor-element elementor-element-9568c1a elementor-widget elementor-widget-text-editor\" data-id=\"9568c1a\" data-element_type=\"widget\" data-settings=\"{&quot;wdt_animation_effect&quot;:&quot;none&quot;}\" data-widget_type=\"text-editor.default\">\n\t\t\t\t<div class=\"elementor-widget-container\">\n\t\t\t\t\t\t\t\t\t<p>Diagnosing S\u00e9zary syndrome requires a combination of diagnostic data beyond just clinical symptoms.<\/p><p>The physician reviews the patient&#8217;s medical history and performs specialized tests, such as skin biopsy, blood analysis, and PCR for molecular markers.<\/p><p>The biopsy involves sampling tissue for analysis, and may extend to lymph nodes and bone marrow. Imaging tests such as CT, MRI, and PET scans are typically performed to assess cancer spread.<\/p><p>The final diagnosis is confirmed through biopsy and imaging techniques.<\/p>\t\t\t\t\t\t\t\t<\/div>\n\t\t\t\t<\/div>\n\t\t\t\t<div class=\"elementor-element elementor-element-5b37ebe elementor-widget elementor-widget-heading\" data-id=\"5b37ebe\" data-element_type=\"widget\" data-settings=\"{&quot;wdt_animation_effect&quot;:&quot;none&quot;}\" data-widget_type=\"heading.default\">\n\t\t\t\t<div class=\"elementor-widget-container\">\n\t\t\t\t\t<h4 class=\"elementor-heading-title elementor-size-default\">Therapeutic Management<\/h4>\t\t\t\t<\/div>\n\t\t\t\t<\/div>\n\t\t\t\t<div class=\"elementor-element elementor-element-4d1d297 elementor-widget-divider--view-line elementor-widget elementor-widget-divider\" data-id=\"4d1d297\" data-element_type=\"widget\" data-settings=\"{&quot;wdt_animation_effect&quot;:&quot;none&quot;}\" data-widget_type=\"divider.default\">\n\t\t\t\t<div class=\"elementor-widget-container\">\n\t\t\t\t\t\t\t<div class=\"elementor-divider\">\n\t\t\t<span class=\"elementor-divider-separator\">\n\t\t\t\t\t\t<\/span>\n\t\t<\/div>\n\t\t\t\t\t\t<\/div>\n\t\t\t\t<\/div>\n\t\t\t\t<div class=\"elementor-element elementor-element-58d1f81 elementor-widget elementor-widget-text-editor\" data-id=\"58d1f81\" data-element_type=\"widget\" data-settings=\"{&quot;wdt_animation_effect&quot;:&quot;none&quot;}\" data-widget_type=\"text-editor.default\">\n\t\t\t\t<div class=\"elementor-widget-container\">\n\t\t\t\t\t\t\t\t\t<p>Treatment for cutaneous lymphoma depends on the stage of the disease, as well as the patient\u2019s age and overall health.<\/p><p><u>First-Line Therapy<\/u><\/p><p>Phototherapy with psoralen and UVA (PUVA) is recommended in the patch or plaque stage and requires treatment 2\u20133 times per week.<\/p><p>UVB radiation therapy, particularly narrowband UVB, is recommended at the patch stage, as its skin penetration is not as deep as PUVA. It also requires treatment 2\u20133 times per week.<\/p><p>Imiquimod is an immune response modifier and can be applied topically as a cream during the early stage of the disease.<\/p><p>\u00a0<\/p><p><u>Second-Line Therapy<\/u><\/p><p>Bexarotene, a retinoid, is an antineoplastic agent and may be used in combination with PUVA or interferon-alpha and extracorporeal photopheresis (ECP).<\/p><p>Interferon-alpha is administered via intramuscular injection and requires high-dose treatment.<\/p><p>Vorinostat, a histone deacetylase (HDAC) inhibitor, may help reduce the sensation of itching.<\/p><p>Methotrexate is a chemotherapy agent and immunosuppressant. It is generally well tolerated and administered orally on a weekly basis.<\/p><p>Total skin electron beam (TSEB) radiation may reduce symptoms and the growth of cancer cells.<\/p><p>Local radiation therapy can be applied when large plaques or tumor nodules are detected.<\/p><p>Alemtuzumab acts via antibody-dependent cell-mediated cytolysis and complement-dependent cytolysis, following binding to the surface of T- and B-lymphocytes. It exerts an immunomodulatory effect by eliminating and repopulating lymphocytes.<\/p><p>When conventional treatments are ineffective, stem cell transplantation may be approved.<\/p>\t\t\t\t\t\t\t\t<\/div>\n\t\t\t\t<\/div>\n\t\t\t\t\t<\/div>\n\t\t<\/div>\n\t\t\t\t\t<\/div>\n\t\t<\/section>\n\t\t\t\t<\/div>\n\t\t","protected":false},"excerpt":{"rendered":"<p>S\u00e9zary Syndrome definition S\u00e9zary cells are cancerous T-lymphocytes. They are found in the blood, skin, and lymph nodes of patients with S\u00e9zary syndrome, an aggressive form of cutaneous T-cell lymphoma. This lymphoma, which often spreads to other organs, accounts for approximately 3%\u20135% of all cutaneous T-cell lymphomas. It can affect people of any age but [&hellip;]<\/p>\n","protected":false},"author":1,"featured_media":0,"parent":0,"menu_order":0,"comment_status":"closed","ping_status":"closed","template":"tpl-side-nav.php","meta":{"footnotes":""},"class_list":["post-5696","page","type-page","status-publish","hentry"],"_links":{"self":[{"href":"https:\/\/optimumdermatology.com\/en\/wp-json\/wp\/v2\/pages\/5696","targetHints":{"allow":["GET"]}}],"collection":[{"href":"https:\/\/optimumdermatology.com\/en\/wp-json\/wp\/v2\/pages"}],"about":[{"href":"https:\/\/optimumdermatology.com\/en\/wp-json\/wp\/v2\/types\/page"}],"author":[{"embeddable":true,"href":"https:\/\/optimumdermatology.com\/en\/wp-json\/wp\/v2\/users\/1"}],"replies":[{"embeddable":true,"href":"https:\/\/optimumdermatology.com\/en\/wp-json\/wp\/v2\/comments?post=5696"}],"version-history":[{"count":4,"href":"https:\/\/optimumdermatology.com\/en\/wp-json\/wp\/v2\/pages\/5696\/revisions"}],"predecessor-version":[{"id":5701,"href":"https:\/\/optimumdermatology.com\/en\/wp-json\/wp\/v2\/pages\/5696\/revisions\/5701"}],"wp:attachment":[{"href":"https:\/\/optimumdermatology.com\/en\/wp-json\/wp\/v2\/media?parent=5696"}],"curies":[{"name":"wp","href":"https:\/\/api.w.org\/{rel}","templated":true}]}}